{"id":2807,"date":"2025-05-12T09:38:37","date_gmt":"2025-05-12T09:38:37","guid":{"rendered":"https:\/\/wp.becoin.net\/forecast-stock"},"modified":"2025-11-25T18:25:59","modified_gmt":"2025-11-25T18:25:59","slug":"forecast-stock","status":"publish","type":"page","link":"https:\/\/wp.becoin.net\/es\/forecast-stock","title":{"rendered":"Acciones"},"content":{"rendered":"","protected":false},"excerpt":{"rendered":"","protected":false},"author":1,"featured_media":0,"parent":0,"menu_order":0,"comment_status":"closed","ping_status":"closed","template":"homepage-forecast-stock.php","meta":{"_acf_changed":false,"footnotes":""},"class_list":["post-2807","page","type-page","status-publish","hentry"],"acf":[],"yoast_head":"<!-- This site is optimized with the Yoast SEO plugin v26.9 - https:\/\/yoast.com\/product\/yoast-seo-wordpress\/ -->\n<title>Pron\u00f3sticos de precios de acciones: diario, semanal, mensual, anual<\/title>\n<meta name=\"description\" content=\"Consulta predicciones de acciones a corto y largo plazo, desde el precio de hoy hasta los pr\u00f3ximos 5 a\u00f1os. Mantente al tanto de los cambios del mercado con los pron\u00f3sticos de trading m\u00e1s precisos.\" \/>\n<meta name=\"robots\" content=\"index, follow, max-snippet:-1, max-image-preview:large, max-video-preview:-1\" \/>\n<link rel=\"canonical\" href=\"https:\/\/wp.becoin.net\/es\/forecast-stock\" \/>\n<meta property=\"og:locale\" content=\"es_ES\" \/>\n<meta property=\"og:type\" content=\"article\" \/>\n<meta property=\"og:title\" content=\"Pron\u00f3sticos de precios de acciones: diario, semanal, mensual, anual\" \/>\n<meta property=\"og:description\" content=\"Consulta predicciones de acciones a corto y largo plazo, desde el precio de hoy hasta los pr\u00f3ximos 5 a\u00f1os. Mantente al tanto de los cambios del mercado con los pron\u00f3sticos de trading m\u00e1s precisos.\" \/>\n<meta property=\"og:url\" content=\"https:\/\/wp.becoin.net\/es\/forecast-stock\" \/>\n<meta property=\"og:site_name\" content=\"Becoin.net\" \/>\n<meta property=\"article:modified_time\" content=\"2025-11-25T18:25:59+00:00\" \/>\n<meta name=\"twitter:card\" content=\"summary_large_image\" \/>\n<script type=\"application\/ld+json\" class=\"yoast-schema-graph\">{\"@context\":\"https:\/\/schema.org\",\"@graph\":[{\"@type\":\"WebPage\",\"@id\":\"https:\/\/wp.becoin.net\/es\/forecast-stock\",\"url\":\"https:\/\/wp.becoin.net\/es\/forecast-stock\",\"name\":\"Pron\u00f3sticos de precios de acciones: diario, semanal, mensual, anual\",\"isPartOf\":{\"@id\":\"https:\/\/wp.becoin.net\/#website\"},\"datePublished\":\"2025-05-12T09:38:37+00:00\",\"dateModified\":\"2025-11-25T18:25:59+00:00\",\"description\":\"Consulta predicciones de acciones a corto y largo plazo, desde el precio de hoy hasta los pr\u00f3ximos 5 a\u00f1os. Mantente al tanto de los cambios del mercado con los pron\u00f3sticos de trading m\u00e1s precisos.\",\"breadcrumb\":{\"@id\":\"https:\/\/wp.becoin.net\/es\/forecast-stock#breadcrumb\"},\"inLanguage\":\"es\",\"potentialAction\":[{\"@type\":\"ReadAction\",\"target\":[\"https:\/\/wp.becoin.net\/es\/forecast-stock\"]}]},{\"@type\":\"BreadcrumbList\",\"@id\":\"https:\/\/wp.becoin.net\/es\/forecast-stock#breadcrumb\",\"itemListElement\":[{\"@type\":\"ListItem\",\"position\":1,\"name\":\"Home\",\"item\":\"https:\/\/wp.becoin.net\/\"},{\"@type\":\"ListItem\",\"position\":2,\"name\":\"Acciones\"}]},{\"@type\":\"WebSite\",\"@id\":\"https:\/\/wp.becoin.net\/#website\",\"url\":\"https:\/\/wp.becoin.net\/\",\"name\":\"Becoin.net\",\"description\":\"\",\"potentialAction\":[{\"@type\":\"SearchAction\",\"target\":{\"@type\":\"EntryPoint\",\"urlTemplate\":\"https:\/\/wp.becoin.net\/?s={search_term_string}\"},\"query-input\":{\"@type\":\"PropertyValueSpecification\",\"valueRequired\":true,\"valueName\":\"search_term_string\"}}],\"inLanguage\":\"es\"}]}<\/script>\n<!-- \/ Yoast SEO plugin. -->","yoast_head_json":{"title":"Pron\u00f3sticos de precios de acciones: diario, semanal, mensual, anual","description":"Consulta predicciones de acciones a corto y largo plazo, desde el precio de hoy hasta los pr\u00f3ximos 5 a\u00f1os. Mantente al tanto de los cambios del mercado con los pron\u00f3sticos de trading m\u00e1s precisos.","robots":{"index":"index","follow":"follow","max-snippet":"max-snippet:-1","max-image-preview":"max-image-preview:large","max-video-preview":"max-video-preview:-1"},"canonical":"https:\/\/wp.becoin.net\/es\/forecast-stock","og_locale":"es_ES","og_type":"article","og_title":"Pron\u00f3sticos de precios de acciones: diario, semanal, mensual, anual","og_description":"Consulta predicciones de acciones a corto y largo plazo, desde el precio de hoy hasta los pr\u00f3ximos 5 a\u00f1os. Mantente al tanto de los cambios del mercado con los pron\u00f3sticos de trading m\u00e1s precisos.","og_url":"https:\/\/wp.becoin.net\/es\/forecast-stock","og_site_name":"Becoin.net","article_modified_time":"2025-11-25T18:25:59+00:00","twitter_card":"summary_large_image","schema":{"@context":"https:\/\/schema.org","@graph":[{"@type":"WebPage","@id":"https:\/\/wp.becoin.net\/es\/forecast-stock","url":"https:\/\/wp.becoin.net\/es\/forecast-stock","name":"Pron\u00f3sticos de precios de acciones: diario, semanal, mensual, anual","isPartOf":{"@id":"https:\/\/wp.becoin.net\/#website"},"datePublished":"2025-05-12T09:38:37+00:00","dateModified":"2025-11-25T18:25:59+00:00","description":"Consulta predicciones de acciones a corto y largo plazo, desde el precio de hoy hasta los pr\u00f3ximos 5 a\u00f1os. Mantente al tanto de los cambios del mercado con los pron\u00f3sticos de trading m\u00e1s precisos.","breadcrumb":{"@id":"https:\/\/wp.becoin.net\/es\/forecast-stock#breadcrumb"},"inLanguage":"es","potentialAction":[{"@type":"ReadAction","target":["https:\/\/wp.becoin.net\/es\/forecast-stock"]}]},{"@type":"BreadcrumbList","@id":"https:\/\/wp.becoin.net\/es\/forecast-stock#breadcrumb","itemListElement":[{"@type":"ListItem","position":1,"name":"Home","item":"https:\/\/wp.becoin.net\/"},{"@type":"ListItem","position":2,"name":"Acciones"}]},{"@type":"WebSite","@id":"https:\/\/wp.becoin.net\/#website","url":"https:\/\/wp.becoin.net\/","name":"Becoin.net","description":"","potentialAction":[{"@type":"SearchAction","target":{"@type":"EntryPoint","urlTemplate":"https:\/\/wp.becoin.net\/?s={search_term_string}"},"query-input":{"@type":"PropertyValueSpecification","valueRequired":true,"valueName":"search_term_string"}}],"inLanguage":"es"}]}},"_links":{"self":[{"href":"https:\/\/wp.becoin.net\/es\/wp-json\/wp\/v2\/pages\/2807","targetHints":{"allow":["GET"]}}],"collection":[{"href":"https:\/\/wp.becoin.net\/es\/wp-json\/wp\/v2\/pages"}],"about":[{"href":"https:\/\/wp.becoin.net\/es\/wp-json\/wp\/v2\/types\/page"}],"author":[{"embeddable":true,"href":"https:\/\/wp.becoin.net\/es\/wp-json\/wp\/v2\/users\/1"}],"replies":[{"embeddable":true,"href":"https:\/\/wp.becoin.net\/es\/wp-json\/wp\/v2\/comments?post=2807"}],"version-history":[{"count":1,"href":"https:\/\/wp.becoin.net\/es\/wp-json\/wp\/v2\/pages\/2807\/revisions"}],"predecessor-version":[{"id":2809,"href":"https:\/\/wp.becoin.net\/es\/wp-json\/wp\/v2\/pages\/2807\/revisions\/2809"}],"wp:attachment":[{"href":"https:\/\/wp.becoin.net\/es\/wp-json\/wp\/v2\/media?parent=2807"}],"curies":[{"name":"wp","href":"https:\/\/api.w.org\/{rel}","templated":true}]}}