{"id":2793,"date":"2024-10-24T11:33:35","date_gmt":"2024-10-24T11:33:35","guid":{"rendered":"https:\/\/wp.becoin.net\/forecast"},"modified":"2025-11-25T16:59:26","modified_gmt":"2025-11-25T16:59:26","slug":"forecast","status":"publish","type":"page","link":"https:\/\/wp.becoin.net\/es\/forecast","title":{"rendered":"Cripto"},"content":{"rendered":"","protected":false},"excerpt":{"rendered":"","protected":false},"author":1,"featured_media":0,"parent":0,"menu_order":0,"comment_status":"closed","ping_status":"closed","template":"homepage.php","meta":{"_acf_changed":false,"footnotes":""},"class_list":["post-2793","page","type-page","status-publish","hentry"],"acf":[],"yoast_head":"<!-- This site is optimized with the Yoast SEO plugin v26.9 - https:\/\/yoast.com\/product\/yoast-seo-wordpress\/ -->\n<title>Pron\u00f3sticos precisos de precios de criptomonedas para diario, semanal, mensual y anual<\/title>\n<meta name=\"description\" content=\"Mantente al d\u00eda del mercado cripto con pron\u00f3sticos de precios en tiempo real para tendencias diarias, semanales, mensuales y anuales. Perfecto para inversores y traders por igual.\" \/>\n<meta name=\"robots\" content=\"index, follow, max-snippet:-1, max-image-preview:large, max-video-preview:-1\" \/>\n<link rel=\"canonical\" href=\"https:\/\/wp.becoin.net\/es\/forecast\" \/>\n<meta property=\"og:locale\" content=\"es_ES\" \/>\n<meta property=\"og:type\" content=\"article\" \/>\n<meta property=\"og:title\" content=\"Pron\u00f3sticos precisos de precios de criptomonedas para diario, semanal, mensual y anual\" \/>\n<meta property=\"og:description\" content=\"Mantente al d\u00eda del mercado cripto con pron\u00f3sticos de precios en tiempo real para tendencias diarias, semanales, mensuales y anuales. Perfecto para inversores y traders por igual.\" \/>\n<meta property=\"og:url\" content=\"https:\/\/wp.becoin.net\/es\/forecast\" \/>\n<meta property=\"og:site_name\" content=\"Becoin.net\" \/>\n<meta property=\"article:modified_time\" content=\"2025-11-25T16:59:26+00:00\" \/>\n<meta name=\"twitter:card\" content=\"summary_large_image\" \/>\n<script type=\"application\/ld+json\" class=\"yoast-schema-graph\">{\"@context\":\"https:\/\/schema.org\",\"@graph\":[{\"@type\":\"WebPage\",\"@id\":\"https:\/\/wp.becoin.net\/es\/forecast\",\"url\":\"https:\/\/wp.becoin.net\/es\/forecast\",\"name\":\"Pron\u00f3sticos precisos de precios de criptomonedas para diario, semanal, mensual y anual\",\"isPartOf\":{\"@id\":\"https:\/\/wp.becoin.net\/#website\"},\"datePublished\":\"2024-10-24T11:33:35+00:00\",\"dateModified\":\"2025-11-25T16:59:26+00:00\",\"description\":\"Mantente al d\u00eda del mercado cripto con pron\u00f3sticos de precios en tiempo real para tendencias diarias, semanales, mensuales y anuales. Perfecto para inversores y traders por igual.\",\"breadcrumb\":{\"@id\":\"https:\/\/wp.becoin.net\/es\/forecast#breadcrumb\"},\"inLanguage\":\"es\",\"potentialAction\":[{\"@type\":\"ReadAction\",\"target\":[\"https:\/\/wp.becoin.net\/es\/forecast\"]}]},{\"@type\":\"BreadcrumbList\",\"@id\":\"https:\/\/wp.becoin.net\/es\/forecast#breadcrumb\",\"itemListElement\":[{\"@type\":\"ListItem\",\"position\":1,\"name\":\"Home\",\"item\":\"https:\/\/wp.becoin.net\/\"},{\"@type\":\"ListItem\",\"position\":2,\"name\":\"Cripto\"}]},{\"@type\":\"WebSite\",\"@id\":\"https:\/\/wp.becoin.net\/#website\",\"url\":\"https:\/\/wp.becoin.net\/\",\"name\":\"Becoin.net\",\"description\":\"\",\"potentialAction\":[{\"@type\":\"SearchAction\",\"target\":{\"@type\":\"EntryPoint\",\"urlTemplate\":\"https:\/\/wp.becoin.net\/?s={search_term_string}\"},\"query-input\":{\"@type\":\"PropertyValueSpecification\",\"valueRequired\":true,\"valueName\":\"search_term_string\"}}],\"inLanguage\":\"es\"}]}<\/script>\n<!-- \/ Yoast SEO plugin. -->","yoast_head_json":{"title":"Pron\u00f3sticos precisos de precios de criptomonedas para diario, semanal, mensual y anual","description":"Mantente al d\u00eda del mercado cripto con pron\u00f3sticos de precios en tiempo real para tendencias diarias, semanales, mensuales y anuales. Perfecto para inversores y traders por igual.","robots":{"index":"index","follow":"follow","max-snippet":"max-snippet:-1","max-image-preview":"max-image-preview:large","max-video-preview":"max-video-preview:-1"},"canonical":"https:\/\/wp.becoin.net\/es\/forecast","og_locale":"es_ES","og_type":"article","og_title":"Pron\u00f3sticos precisos de precios de criptomonedas para diario, semanal, mensual y anual","og_description":"Mantente al d\u00eda del mercado cripto con pron\u00f3sticos de precios en tiempo real para tendencias diarias, semanales, mensuales y anuales. Perfecto para inversores y traders por igual.","og_url":"https:\/\/wp.becoin.net\/es\/forecast","og_site_name":"Becoin.net","article_modified_time":"2025-11-25T16:59:26+00:00","twitter_card":"summary_large_image","schema":{"@context":"https:\/\/schema.org","@graph":[{"@type":"WebPage","@id":"https:\/\/wp.becoin.net\/es\/forecast","url":"https:\/\/wp.becoin.net\/es\/forecast","name":"Pron\u00f3sticos precisos de precios de criptomonedas para diario, semanal, mensual y anual","isPartOf":{"@id":"https:\/\/wp.becoin.net\/#website"},"datePublished":"2024-10-24T11:33:35+00:00","dateModified":"2025-11-25T16:59:26+00:00","description":"Mantente al d\u00eda del mercado cripto con pron\u00f3sticos de precios en tiempo real para tendencias diarias, semanales, mensuales y anuales. Perfecto para inversores y traders por igual.","breadcrumb":{"@id":"https:\/\/wp.becoin.net\/es\/forecast#breadcrumb"},"inLanguage":"es","potentialAction":[{"@type":"ReadAction","target":["https:\/\/wp.becoin.net\/es\/forecast"]}]},{"@type":"BreadcrumbList","@id":"https:\/\/wp.becoin.net\/es\/forecast#breadcrumb","itemListElement":[{"@type":"ListItem","position":1,"name":"Home","item":"https:\/\/wp.becoin.net\/"},{"@type":"ListItem","position":2,"name":"Cripto"}]},{"@type":"WebSite","@id":"https:\/\/wp.becoin.net\/#website","url":"https:\/\/wp.becoin.net\/","name":"Becoin.net","description":"","potentialAction":[{"@type":"SearchAction","target":{"@type":"EntryPoint","urlTemplate":"https:\/\/wp.becoin.net\/?s={search_term_string}"},"query-input":{"@type":"PropertyValueSpecification","valueRequired":true,"valueName":"search_term_string"}}],"inLanguage":"es"}]}},"_links":{"self":[{"href":"https:\/\/wp.becoin.net\/es\/wp-json\/wp\/v2\/pages\/2793","targetHints":{"allow":["GET"]}}],"collection":[{"href":"https:\/\/wp.becoin.net\/es\/wp-json\/wp\/v2\/pages"}],"about":[{"href":"https:\/\/wp.becoin.net\/es\/wp-json\/wp\/v2\/types\/page"}],"author":[{"embeddable":true,"href":"https:\/\/wp.becoin.net\/es\/wp-json\/wp\/v2\/users\/1"}],"replies":[{"embeddable":true,"href":"https:\/\/wp.becoin.net\/es\/wp-json\/wp\/v2\/comments?post=2793"}],"version-history":[{"count":2,"href":"https:\/\/wp.becoin.net\/es\/wp-json\/wp\/v2\/pages\/2793\/revisions"}],"predecessor-version":[{"id":2795,"href":"https:\/\/wp.becoin.net\/es\/wp-json\/wp\/v2\/pages\/2793\/revisions\/2795"}],"wp:attachment":[{"href":"https:\/\/wp.becoin.net\/es\/wp-json\/wp\/v2\/media?parent=2793"}],"curies":[{"name":"wp","href":"https:\/\/api.w.org\/{rel}","templated":true}]}}