{"id":2763,"date":"2024-10-28T09:35:19","date_gmt":"2024-10-28T09:35:19","guid":{"rendered":"https:\/\/wp.becoin.net\/terms-of-use"},"modified":"2025-11-24T07:24:04","modified_gmt":"2025-11-24T07:24:04","slug":"terms-of-use","status":"publish","type":"page","link":"https:\/\/wp.becoin.net\/es\/terms-of-use","title":{"rendered":"Condiciones de uso"},"content":{"rendered":"<p>Las condiciones de uso aqu\u00ed contenidas regir\u00e1n el uso que usted haga de este sitio web, incluidas todas las p\u00e1ginas que lo componen (denominadas colectivamente \u00absitio web\u00bb).<\/p>\n<p>Las presentes Condiciones se aplican con plena vigencia y efecto al uso que usted haga de este sitio web. Al utilizar este sitio web, usted acepta expresamente todos los t\u00e9rminos y condiciones aqu\u00ed contenidos. Si no est\u00e1 de acuerdo con estas Condiciones, no debe utilizar este sitio web.<\/p>\n<p>Este sitio web est\u00e1 destinado a personas mayores de 18 a\u00f1os. Si eres menor de 18 a\u00f1os, tienes prohibido utilizar este sitio web.<\/p>\n<h2 class=\"mt-16\"><strong>Derechos de propiedad intelectual<\/strong><\/h2>\n<p>A excepci\u00f3n del contenido que usted posea y que haya decidido mostrar en este sitio web, en virtud de las presentes Condiciones, <strong>wp.becoin.net<\/strong> y\/o sus licenciantes son titulares de todos los derechos de propiedad intelectual y material contenidos en este sitio web, y todos esos derechos est\u00e1n reservados.<\/p>\n<p>Se le concede \u00fanicamente una licencia limitada, sujeta a las restricciones establecidas en estas Condiciones, con el fin de visualizar el material contenido en este sitio web.<\/p>\n<h2 class=\"mt-16\"><strong>Restricciones<\/strong><\/h2>\n<p>Se le proh\u00edbe expresamente lo siguiente:<\/p>\n<ul class=\"wp-block-list\">\n<li>Publicar cualquier material del sitio web en cualquier medio sin permiso.<\/li>\n<li>Vender, sublicenciar o comercializar de cualquier otra forma el material del sitio web.<\/li>\n<li>Utilizar este sitio web de forma que lo da\u00f1e o pueda da\u00f1arlo.<\/li>\n<li>Utilizar este sitio web de forma que afecte al acceso de los usuarios al mismo.<\/li>\n<li>Utilizar este sitio web de forma contraria a las leyes y normativas aplicables, o de manera que cause da\u00f1os al sitio web, a otros usuarios o a cualquier entidad comercial.<\/li>\n<li>Participar en la extracci\u00f3n de datos, la recolecci\u00f3n de datos o cualquier otra actividad similar.<\/li>\n<li>Utilizar este sitio web con fines publicitarios o de marketing sin consentimiento previo.<\/li>\n<\/ul>\n<p>El acceso a determinadas \u00e1reas de este sitio web puede estar restringido. <strong>wp.becoin.net<\/strong> se reserva el derecho de restringir el acceso a cualquier \u00e1rea del sitio web a su entera discreci\u00f3n. Cualquier nombre de usuario y contrase\u00f1a que se le proporcione para acceder a este sitio web debe mantenerse confidencial.<\/p>\n<h2 class=\"mt-16\"><strong>Sin garant\u00edas<\/strong><\/h2>\n<p>Este sitio web se proporciona \u00abtal cual\u00bb, con todos sus defectos, y <strong>wp.becoin.net<\/strong> no ofrece ninguna garant\u00eda expresa o impl\u00edcita de ning\u00fan tipo en relaci\u00f3n con este sitio web o los materiales que contiene. Nada de lo que aparece en este sitio web constituye asesoramiento profesional, incluido el asesoramiento sobre el comercio de criptomonedas o el asesoramiento financiero.<\/p>\n<h2 class=\"mt-16\"><strong>Limitaci\u00f3n de responsabilidad<\/strong><\/h2>\n<p>En ning\u00fan caso <strong>wp.becoin.net<\/strong>, sus directivos, directores o empleados ser\u00e1n responsables de ning\u00fan da\u00f1o derivado o relacionado con el uso que usted haga de este sitio web. Esto incluye da\u00f1os directos, indirectos, consecuentes o especiales.<\/p>\n<p><strong>wp.becoin.net<\/strong> no se hace responsable de ninguna p\u00e9rdida, incluidas las p\u00e9rdidas comerciales, que se deriven de la confianza depositada en la informaci\u00f3n proporcionada en este sitio web.<\/p>\n<h2 class=\"mt-16\"><strong>Indemnizaci\u00f3n<\/strong><\/h2>\n<p>Usted acepta indemnizar y eximir de responsabilidad a <strong>wp.becoin.net<\/strong> frente a cualquier responsabilidad, coste, reclamaci\u00f3n, demanda, causa de acci\u00f3n, da\u00f1os y gastos (incluidos los honorarios legales razonables) que se deriven del incumplimiento por su parte de las presentes Condiciones.<\/p>\n<h2 class=\"mt-16\"><strong>Divisibilidad<\/strong><\/h2>\n<p>Si alguna disposici\u00f3n de estas Condiciones se considera inv\u00e1lida o inaplicable en virtud de la legislaci\u00f3n aplicable, dicha invalidez no har\u00e1 que estas Condiciones sean inaplicables o inv\u00e1lidas en su conjunto. La disposici\u00f3n afectada se eliminar\u00e1 sin que ello afecte al resto de disposiciones.<\/p>\n<h2 class=\"mt-16\"><strong>Variaci\u00f3n de los t\u00e9rminos<\/strong><\/h2>\n<p><strong>wp.becoin.net<\/strong> se reserva el derecho de modificar estos T\u00e9rminos en cualquier momento seg\u00fan lo considere necesario. Al continuar utilizando el sitio web despu\u00e9s de que se hayan realizado los cambios, usted acepta quedar vinculado por los T\u00e9rminos modificados.<\/p>\n<h2 class=\"mt-16\"><strong>Asignaci\u00f3n<\/strong><\/h2>\n<p><strong>wp.becoin.net<\/strong> podr\u00e1 ceder, transferir o subcontratar sus derechos y\/u obligaciones en virtud de las presentes Condiciones sin previo aviso. Sin embargo, usted no podr\u00e1 ceder, transferir ni subcontratar sus derechos y\/u obligaciones en virtud de las presentes Condiciones.<\/p>\n<h2 class=\"mt-16\"><strong>Acuerdo completo<\/strong><\/h2>\n<p>Estos T\u00e9rminos, junto con cualquier aviso legal y exenci\u00f3n de responsabilidad publicados en este sitio web, constituyen el acuerdo completo entre usted y <strong>wp.becoin.net<\/strong> en relaci\u00f3n con el uso de este sitio web y sustituyen a todos los acuerdos anteriores.<\/p>\n<p>Si tiene alguna pregunta o duda sobre estos T\u00e9rminos, p\u00f3ngase en <a href=\"https:\/\/wp.becoin.net\/es\/contact\">Contacto<\/a> con nosotros.<\/p>\n","protected":false},"excerpt":{"rendered":"<p>Las condiciones de uso aqu\u00ed contenidas regir\u00e1n el uso que usted haga de este sitio web, incluidas todas las p\u00e1ginas que lo componen (denominadas colectivamente \u00absitio web\u00bb). Las presentes Condiciones se aplican con plena vigencia y efecto al uso que usted haga de este sitio web. Al utilizar este sitio web, usted acepta expresamente todos [&hellip;]<\/p>\n","protected":false},"author":1,"featured_media":0,"parent":0,"menu_order":0,"comment_status":"closed","ping_status":"closed","template":"","meta":{"_acf_changed":false,"footnotes":""},"class_list":["post-2763","page","type-page","status-publish","hentry"],"acf":[],"yoast_head":"<!-- This site is optimized with the Yoast SEO plugin v26.9 - https:\/\/yoast.com\/product\/yoast-seo-wordpress\/ -->\n<title>Condiciones de uso: directrices para acceder a nuestros servicios<\/title>\n<meta name=\"description\" content=\"Revise los t\u00e9rminos y condiciones de uso de nuestro sitio web y nuestros servicios. Aseg\u00farese de cumplirlos y comprenda sus derechos como usuario.\" \/>\n<meta name=\"robots\" content=\"index, follow, max-snippet:-1, max-image-preview:large, max-video-preview:-1\" \/>\n<link rel=\"canonical\" href=\"https:\/\/wp.becoin.net\/es\/terms-of-use\" \/>\n<meta property=\"og:locale\" content=\"es_ES\" \/>\n<meta property=\"og:type\" content=\"article\" \/>\n<meta property=\"og:title\" content=\"Condiciones de uso: directrices para acceder a nuestros servicios\" \/>\n<meta property=\"og:description\" content=\"Revise los t\u00e9rminos y condiciones de uso de nuestro sitio web y nuestros servicios. Aseg\u00farese de cumplirlos y comprenda sus derechos como usuario.\" \/>\n<meta property=\"og:url\" content=\"https:\/\/wp.becoin.net\/es\/terms-of-use\" \/>\n<meta property=\"og:site_name\" content=\"Becoin.net\" \/>\n<meta property=\"article:modified_time\" content=\"2025-11-24T07:24:04+00:00\" \/>\n<meta name=\"twitter:card\" content=\"summary_large_image\" \/>\n<meta name=\"twitter:label1\" content=\"Tiempo de lectura\" \/>\n\t<meta name=\"twitter:data1\" content=\"3 minutos\" \/>\n<script type=\"application\/ld+json\" class=\"yoast-schema-graph\">{\"@context\":\"https:\/\/schema.org\",\"@graph\":[{\"@type\":\"WebPage\",\"@id\":\"https:\/\/wp.becoin.net\/es\/terms-of-use\",\"url\":\"https:\/\/wp.becoin.net\/es\/terms-of-use\",\"name\":\"Condiciones de uso: directrices para acceder a nuestros servicios\",\"isPartOf\":{\"@id\":\"https:\/\/wp.becoin.net\/#website\"},\"datePublished\":\"2024-10-28T09:35:19+00:00\",\"dateModified\":\"2025-11-24T07:24:04+00:00\",\"description\":\"Revise los t\u00e9rminos y condiciones de uso de nuestro sitio web y nuestros servicios. Aseg\u00farese de cumplirlos y comprenda sus derechos como usuario.\",\"breadcrumb\":{\"@id\":\"https:\/\/wp.becoin.net\/es\/terms-of-use#breadcrumb\"},\"inLanguage\":\"es\",\"potentialAction\":[{\"@type\":\"ReadAction\",\"target\":[\"https:\/\/wp.becoin.net\/es\/terms-of-use\"]}]},{\"@type\":\"BreadcrumbList\",\"@id\":\"https:\/\/wp.becoin.net\/es\/terms-of-use#breadcrumb\",\"itemListElement\":[{\"@type\":\"ListItem\",\"position\":1,\"name\":\"Home\",\"item\":\"https:\/\/wp.becoin.net\/\"},{\"@type\":\"ListItem\",\"position\":2,\"name\":\"Condiciones de uso\"}]},{\"@type\":\"WebSite\",\"@id\":\"https:\/\/wp.becoin.net\/#website\",\"url\":\"https:\/\/wp.becoin.net\/\",\"name\":\"Becoin.net\",\"description\":\"\",\"potentialAction\":[{\"@type\":\"SearchAction\",\"target\":{\"@type\":\"EntryPoint\",\"urlTemplate\":\"https:\/\/wp.becoin.net\/?s={search_term_string}\"},\"query-input\":{\"@type\":\"PropertyValueSpecification\",\"valueRequired\":true,\"valueName\":\"search_term_string\"}}],\"inLanguage\":\"es\"}]}<\/script>\n<!-- \/ Yoast SEO plugin. -->","yoast_head_json":{"title":"Condiciones de uso: directrices para acceder a nuestros servicios","description":"Revise los t\u00e9rminos y condiciones de uso de nuestro sitio web y nuestros servicios. Aseg\u00farese de cumplirlos y comprenda sus derechos como usuario.","robots":{"index":"index","follow":"follow","max-snippet":"max-snippet:-1","max-image-preview":"max-image-preview:large","max-video-preview":"max-video-preview:-1"},"canonical":"https:\/\/wp.becoin.net\/es\/terms-of-use","og_locale":"es_ES","og_type":"article","og_title":"Condiciones de uso: directrices para acceder a nuestros servicios","og_description":"Revise los t\u00e9rminos y condiciones de uso de nuestro sitio web y nuestros servicios. Aseg\u00farese de cumplirlos y comprenda sus derechos como usuario.","og_url":"https:\/\/wp.becoin.net\/es\/terms-of-use","og_site_name":"Becoin.net","article_modified_time":"2025-11-24T07:24:04+00:00","twitter_card":"summary_large_image","twitter_misc":{"Tiempo de lectura":"3 minutos"},"schema":{"@context":"https:\/\/schema.org","@graph":[{"@type":"WebPage","@id":"https:\/\/wp.becoin.net\/es\/terms-of-use","url":"https:\/\/wp.becoin.net\/es\/terms-of-use","name":"Condiciones de uso: directrices para acceder a nuestros servicios","isPartOf":{"@id":"https:\/\/wp.becoin.net\/#website"},"datePublished":"2024-10-28T09:35:19+00:00","dateModified":"2025-11-24T07:24:04+00:00","description":"Revise los t\u00e9rminos y condiciones de uso de nuestro sitio web y nuestros servicios. Aseg\u00farese de cumplirlos y comprenda sus derechos como usuario.","breadcrumb":{"@id":"https:\/\/wp.becoin.net\/es\/terms-of-use#breadcrumb"},"inLanguage":"es","potentialAction":[{"@type":"ReadAction","target":["https:\/\/wp.becoin.net\/es\/terms-of-use"]}]},{"@type":"BreadcrumbList","@id":"https:\/\/wp.becoin.net\/es\/terms-of-use#breadcrumb","itemListElement":[{"@type":"ListItem","position":1,"name":"Home","item":"https:\/\/wp.becoin.net\/"},{"@type":"ListItem","position":2,"name":"Condiciones de uso"}]},{"@type":"WebSite","@id":"https:\/\/wp.becoin.net\/#website","url":"https:\/\/wp.becoin.net\/","name":"Becoin.net","description":"","potentialAction":[{"@type":"SearchAction","target":{"@type":"EntryPoint","urlTemplate":"https:\/\/wp.becoin.net\/?s={search_term_string}"},"query-input":{"@type":"PropertyValueSpecification","valueRequired":true,"valueName":"search_term_string"}}],"inLanguage":"es"}]}},"_links":{"self":[{"href":"https:\/\/wp.becoin.net\/es\/wp-json\/wp\/v2\/pages\/2763","targetHints":{"allow":["GET"]}}],"collection":[{"href":"https:\/\/wp.becoin.net\/es\/wp-json\/wp\/v2\/pages"}],"about":[{"href":"https:\/\/wp.becoin.net\/es\/wp-json\/wp\/v2\/types\/page"}],"author":[{"embeddable":true,"href":"https:\/\/wp.becoin.net\/es\/wp-json\/wp\/v2\/users\/1"}],"replies":[{"embeddable":true,"href":"https:\/\/wp.becoin.net\/es\/wp-json\/wp\/v2\/comments?post=2763"}],"version-history":[{"count":2,"href":"https:\/\/wp.becoin.net\/es\/wp-json\/wp\/v2\/pages\/2763\/revisions"}],"predecessor-version":[{"id":2764,"href":"https:\/\/wp.becoin.net\/es\/wp-json\/wp\/v2\/pages\/2763\/revisions\/2764"}],"wp:attachment":[{"href":"https:\/\/wp.becoin.net\/es\/wp-json\/wp\/v2\/media?parent=2763"}],"curies":[{"name":"wp","href":"https:\/\/api.w.org\/{rel}","templated":true}]}}