{"id":2756,"date":"2024-10-28T09:37:03","date_gmt":"2024-10-28T09:37:03","guid":{"rendered":"https:\/\/wp.becoin.net\/privacy-policy"},"modified":"2025-11-24T07:08:16","modified_gmt":"2025-11-24T07:08:16","slug":"privacy-policy","status":"publish","type":"page","link":"https:\/\/wp.becoin.net\/es\/privacy-policy","title":{"rendered":"Pol\u00edtica de privacidad"},"content":{"rendered":"<p>La administraci\u00f3n del sitio web <strong>wp.becoin.net<\/strong> est\u00e1 obligada a mantener su privacidad en Internet. Prestamos mucha atenci\u00f3n a la seguridad de los datos que nos ha facilitado. Nuestra pol\u00edtica de privacidad se basa en <a href=\"https:\/\/commission.europa.eu\/law\/law-topic\/data-protection_en?prefLang=es\">el Reglamento General de Protecci\u00f3n de Datos (RGPD) de la Uni\u00f3n Europea<\/a>. Los fines para los que recopilamos sus datos personales son: la mejora de nuestro servicio, la comunicaci\u00f3n con los visitantes de este sitio, la presentaci\u00f3n de la informaci\u00f3n solicitada por el usuario y otras acciones que se enumeran a continuaci\u00f3n.<\/p>\n<h2 class=\"mt-16\"><strong>Informaci\u00f3n que recopilamos<\/strong><\/h2>\n<p>En <strong>wp.becoin.net<\/strong> (\u00abnosotros\u00bb, \u00abnos\u00bb o \u00abnuestro\u00bb), su privacidad es nuestra m\u00e1xima prioridad. La presente Pol\u00edtica de privacidad explica c\u00f3mo recopilamos, utilizamos y protegemos su informaci\u00f3n cuando visita o interact\u00faa con nuestro sitio web. Al acceder a <strong>wp.becoin.net<\/strong>, usted acepta las pr\u00e1cticas descritas en esta pol\u00edtica.<\/p>\n<p>Podemos recopilar los siguientes tipos de informaci\u00f3n:<\/p>\n<ol class=\"wp-block-list\">\n<li><strong>Informaci\u00f3n personal<\/strong>\n<ul class=\"wp-block-list\">\n<li>Nombre, direcci\u00f3n de correo electr\u00f3nico y datos de contacto cuando se registra o se comunica con nosotros.<\/li>\n<li>Preferencias relacionadas con las criptomonedas y detalles de la cuenta, si procede.<\/li>\n<\/ul>\n<\/li>\n<li><strong>Informaci\u00f3n no personal<\/strong>\n<ul class=\"wp-block-list\">\n<li>Direcci\u00f3n IP, tipo de navegador y sistema operativo.<\/li>\n<li>Datos de uso, como las p\u00e1ginas visitadas, el tiempo dedicado al sitio y la interacci\u00f3n con el contenido.<\/li>\n<\/ul>\n<\/li>\n<\/ol>\n<h2 class=\"mt-16\"><strong>C\u00f3mo utilizamos su informaci\u00f3n<\/strong><\/h2>\n<p>La informaci\u00f3n que recopilamos se utiliza para los siguientes fines:<\/p>\n<ul class=\"wp-block-list\">\n<li><strong>Prestar servicios<\/strong>: Facilitar su acceso a herramientas, noticias y recursos relacionados con las criptomonedas.<\/li>\n<li><strong>Para mejorar nuestro sitio web<\/strong>: Analizar los datos de uso para optimizar la funcionalidad y el contenido.<\/li>\n<li><strong>Para comunicarse<\/strong>: enviar actualizaciones, ofertas promocionales y responder a consultas.<\/li>\n<li><strong>Para la seguridad<\/strong>: Detectar y prevenir actividades fraudulentas o no autorizadas.<\/li>\n<\/ul>\n<h2 class=\"mt-16\"><strong>Compartir su informaci\u00f3n<\/strong><\/h2>\n<p>No vendemos su informaci\u00f3n personal. Sin embargo, podemos compartir datos con terceros de confianza:<\/p>\n<ul class=\"wp-block-list\">\n<li><strong>Proveedores de servicios<\/strong>: Para an\u00e1lisis, marketing o alojamiento de sitios web.<\/li>\n<li><strong>Requisitos legales<\/strong>: Para cumplir con las leyes aplicables o responder a solicitudes legales.<\/li>\n<\/ul>\n<h2 class=\"mt-16\"><strong>Retenci\u00f3n de datos<\/strong><\/h2>\n<p>Conservamos su informaci\u00f3n durante el tiempo que sea necesario para cumplir con los fines descritos en esta pol\u00edtica, a menos que la ley exija un per\u00edodo de conservaci\u00f3n m\u00e1s largo.<\/p>\n<h2 class=\"mt-16\"><strong>Sus derechos<\/strong><\/h2>\n<p>Tienes derecho a:<\/p>\n<ul class=\"wp-block-list\">\n<li>Acceder, corregir o eliminar sus datos personales.<\/li>\n<li>Retirar el consentimiento para el tratamiento de datos, cuando proceda.<\/li>\n<li>Excluirse de las comunicaciones de marketing.<\/li>\n<\/ul>\n<p>Para ejercer estos derechos, P\u00f3ngase en <a href=\"https:\/\/wp.becoin.net\/es\/contact\">Contacto<\/a> con nosotros.<\/p>\n<h2 class=\"mt-16\"><strong>Seguridad de los datos<\/strong><\/h2>\n<p>Implementamos medidas est\u00e1ndar del sector para proteger sus datos contra el acceso, la alteraci\u00f3n o la divulgaci\u00f3n no autorizados. Sin embargo, ning\u00fan sistema puede garantizar una seguridad absoluta.<\/p>\n<h2 class=\"mt-16\"><strong>Enlaces de terceros<\/strong><\/h2>\n<p>Nuestro sitio web puede contener enlaces a sitios web de terceros. No nos hacemos responsables de las pr\u00e1cticas de privacidad de estos sitios, y le recomendamos que revise sus pol\u00edticas de privacidad.<\/p>\n<h2 class=\"mt-16\"><strong>Cambios en esta pol\u00edtica<\/strong><\/h2>\n<p>Podemos actualizar esta Pol\u00edtica de privacidad peri\u00f3dicamente. Cualquier cambio se publicar\u00e1 en esta p\u00e1gina con una \u00abFecha de entrada en vigor\u00bb actualizada.<\/p>\n<h2 class=\"mt-16\"><strong>Cont\u00e1ctenos<\/strong><\/h2>\n<p>Si tiene alguna pregunta o duda sobre esta Pol\u00edtica de privacidad, P\u00f3ngase en <a href=\"https:\/\/wp.becoin.net\/es\/contact\">Contacto<\/a> con nosotros.<\/p>\n","protected":false},"excerpt":{"rendered":"<p>La administraci\u00f3n del sitio web wp.becoin.net est\u00e1 obligada a mantener su privacidad en Internet. Prestamos mucha atenci\u00f3n a la seguridad de los datos que nos ha facilitado. Nuestra pol\u00edtica de privacidad se basa en el Reglamento General de Protecci\u00f3n de Datos (RGPD) de la Uni\u00f3n Europea. Los fines para los que recopilamos sus datos personales [&hellip;]<\/p>\n","protected":false},"author":1,"featured_media":0,"parent":0,"menu_order":0,"comment_status":"closed","ping_status":"closed","template":"","meta":{"_acf_changed":false,"footnotes":""},"class_list":["post-2756","page","type-page","status-publish","hentry"],"acf":[],"yoast_head":"<!-- This site is optimized with the Yoast SEO plugin v26.9 - https:\/\/yoast.com\/product\/yoast-seo-wordpress\/ -->\n<title>Pol\u00edtica de privacidad: sus datos y su privacidad son importantes<\/title>\n<meta name=\"description\" content=\"Descubra c\u00f3mo protegemos su informaci\u00f3n personal. Lea sobre nuestras pr\u00e1cticas de recopilaci\u00f3n, uso y seguridad de datos para salvaguardar su privacidad.\" \/>\n<meta name=\"robots\" content=\"index, follow, max-snippet:-1, max-image-preview:large, max-video-preview:-1\" \/>\n<link rel=\"canonical\" href=\"https:\/\/wp.becoin.net\/es\/privacy-policy\" \/>\n<meta property=\"og:locale\" content=\"es_ES\" \/>\n<meta property=\"og:type\" content=\"article\" \/>\n<meta property=\"og:title\" content=\"Pol\u00edtica de privacidad: sus datos y su privacidad son importantes\" \/>\n<meta property=\"og:description\" content=\"Descubra c\u00f3mo protegemos su informaci\u00f3n personal. Lea sobre nuestras pr\u00e1cticas de recopilaci\u00f3n, uso y seguridad de datos para salvaguardar su privacidad.\" \/>\n<meta property=\"og:url\" content=\"https:\/\/wp.becoin.net\/es\/privacy-policy\" \/>\n<meta property=\"og:site_name\" content=\"Becoin.net\" \/>\n<meta property=\"article:modified_time\" content=\"2025-11-24T07:08:16+00:00\" \/>\n<meta name=\"twitter:card\" content=\"summary_large_image\" \/>\n<meta name=\"twitter:label1\" content=\"Tiempo de lectura\" \/>\n\t<meta name=\"twitter:data1\" content=\"3 minutos\" \/>\n<script type=\"application\/ld+json\" class=\"yoast-schema-graph\">{\"@context\":\"https:\/\/schema.org\",\"@graph\":[{\"@type\":\"WebPage\",\"@id\":\"https:\/\/wp.becoin.net\/es\/privacy-policy\",\"url\":\"https:\/\/wp.becoin.net\/es\/privacy-policy\",\"name\":\"Pol\u00edtica de privacidad: sus datos y su privacidad son importantes\",\"isPartOf\":{\"@id\":\"https:\/\/wp.becoin.net\/#website\"},\"datePublished\":\"2024-10-28T09:37:03+00:00\",\"dateModified\":\"2025-11-24T07:08:16+00:00\",\"description\":\"Descubra c\u00f3mo protegemos su informaci\u00f3n personal. Lea sobre nuestras pr\u00e1cticas de recopilaci\u00f3n, uso y seguridad de datos para salvaguardar su privacidad.\",\"breadcrumb\":{\"@id\":\"https:\/\/wp.becoin.net\/es\/privacy-policy#breadcrumb\"},\"inLanguage\":\"es\",\"potentialAction\":[{\"@type\":\"ReadAction\",\"target\":[\"https:\/\/wp.becoin.net\/es\/privacy-policy\"]}]},{\"@type\":\"BreadcrumbList\",\"@id\":\"https:\/\/wp.becoin.net\/es\/privacy-policy#breadcrumb\",\"itemListElement\":[{\"@type\":\"ListItem\",\"position\":1,\"name\":\"Home\",\"item\":\"https:\/\/wp.becoin.net\/\"},{\"@type\":\"ListItem\",\"position\":2,\"name\":\"Pol\u00edtica de privacidad\"}]},{\"@type\":\"WebSite\",\"@id\":\"https:\/\/wp.becoin.net\/#website\",\"url\":\"https:\/\/wp.becoin.net\/\",\"name\":\"Becoin.net\",\"description\":\"\",\"potentialAction\":[{\"@type\":\"SearchAction\",\"target\":{\"@type\":\"EntryPoint\",\"urlTemplate\":\"https:\/\/wp.becoin.net\/?s={search_term_string}\"},\"query-input\":{\"@type\":\"PropertyValueSpecification\",\"valueRequired\":true,\"valueName\":\"search_term_string\"}}],\"inLanguage\":\"es\"}]}<\/script>\n<!-- \/ Yoast SEO plugin. -->","yoast_head_json":{"title":"Pol\u00edtica de privacidad: sus datos y su privacidad son importantes","description":"Descubra c\u00f3mo protegemos su informaci\u00f3n personal. Lea sobre nuestras pr\u00e1cticas de recopilaci\u00f3n, uso y seguridad de datos para salvaguardar su privacidad.","robots":{"index":"index","follow":"follow","max-snippet":"max-snippet:-1","max-image-preview":"max-image-preview:large","max-video-preview":"max-video-preview:-1"},"canonical":"https:\/\/wp.becoin.net\/es\/privacy-policy","og_locale":"es_ES","og_type":"article","og_title":"Pol\u00edtica de privacidad: sus datos y su privacidad son importantes","og_description":"Descubra c\u00f3mo protegemos su informaci\u00f3n personal. Lea sobre nuestras pr\u00e1cticas de recopilaci\u00f3n, uso y seguridad de datos para salvaguardar su privacidad.","og_url":"https:\/\/wp.becoin.net\/es\/privacy-policy","og_site_name":"Becoin.net","article_modified_time":"2025-11-24T07:08:16+00:00","twitter_card":"summary_large_image","twitter_misc":{"Tiempo de lectura":"3 minutos"},"schema":{"@context":"https:\/\/schema.org","@graph":[{"@type":"WebPage","@id":"https:\/\/wp.becoin.net\/es\/privacy-policy","url":"https:\/\/wp.becoin.net\/es\/privacy-policy","name":"Pol\u00edtica de privacidad: sus datos y su privacidad son importantes","isPartOf":{"@id":"https:\/\/wp.becoin.net\/#website"},"datePublished":"2024-10-28T09:37:03+00:00","dateModified":"2025-11-24T07:08:16+00:00","description":"Descubra c\u00f3mo protegemos su informaci\u00f3n personal. Lea sobre nuestras pr\u00e1cticas de recopilaci\u00f3n, uso y seguridad de datos para salvaguardar su privacidad.","breadcrumb":{"@id":"https:\/\/wp.becoin.net\/es\/privacy-policy#breadcrumb"},"inLanguage":"es","potentialAction":[{"@type":"ReadAction","target":["https:\/\/wp.becoin.net\/es\/privacy-policy"]}]},{"@type":"BreadcrumbList","@id":"https:\/\/wp.becoin.net\/es\/privacy-policy#breadcrumb","itemListElement":[{"@type":"ListItem","position":1,"name":"Home","item":"https:\/\/wp.becoin.net\/"},{"@type":"ListItem","position":2,"name":"Pol\u00edtica de privacidad"}]},{"@type":"WebSite","@id":"https:\/\/wp.becoin.net\/#website","url":"https:\/\/wp.becoin.net\/","name":"Becoin.net","description":"","potentialAction":[{"@type":"SearchAction","target":{"@type":"EntryPoint","urlTemplate":"https:\/\/wp.becoin.net\/?s={search_term_string}"},"query-input":{"@type":"PropertyValueSpecification","valueRequired":true,"valueName":"search_term_string"}}],"inLanguage":"es"}]}},"_links":{"self":[{"href":"https:\/\/wp.becoin.net\/es\/wp-json\/wp\/v2\/pages\/2756","targetHints":{"allow":["GET"]}}],"collection":[{"href":"https:\/\/wp.becoin.net\/es\/wp-json\/wp\/v2\/pages"}],"about":[{"href":"https:\/\/wp.becoin.net\/es\/wp-json\/wp\/v2\/types\/page"}],"author":[{"embeddable":true,"href":"https:\/\/wp.becoin.net\/es\/wp-json\/wp\/v2\/users\/1"}],"replies":[{"embeddable":true,"href":"https:\/\/wp.becoin.net\/es\/wp-json\/wp\/v2\/comments?post=2756"}],"version-history":[{"count":3,"href":"https:\/\/wp.becoin.net\/es\/wp-json\/wp\/v2\/pages\/2756\/revisions"}],"predecessor-version":[{"id":2759,"href":"https:\/\/wp.becoin.net\/es\/wp-json\/wp\/v2\/pages\/2756\/revisions\/2759"}],"wp:attachment":[{"href":"https:\/\/wp.becoin.net\/es\/wp-json\/wp\/v2\/media?parent=2756"}],"curies":[{"name":"wp","href":"https:\/\/api.w.org\/{rel}","templated":true}]}}