{"id":2750,"date":"2024-10-28T09:39:01","date_gmt":"2024-10-28T09:39:01","guid":{"rendered":"https:\/\/wp.becoin.net\/disclaimer"},"modified":"2025-11-21T15:45:32","modified_gmt":"2025-11-21T15:45:32","slug":"disclaimer","status":"publish","type":"page","link":"https:\/\/wp.becoin.net\/es\/disclaimer","title":{"rendered":"Descargo de responsabilidad"},"content":{"rendered":"<p>\u00a1Bienvenido a <strong>wp.becoin.net<\/strong>! Nuestro sitio web es un recurso independiente que ofrece informaci\u00f3n sobre el comercio de criptomonedas, plataformas de inversi\u00f3n, corredores y herramientas relacionadas. Nos esforzamos por ofrecer informaci\u00f3n precisa y actualizada, pero instamos a todos los usuarios a evaluar cuidadosamente los riesgos asociados con las actividades financieras.<\/p>\n<h2 class=\"mt-16\"><strong>Concienciaci\u00f3n sobre los riesgos<\/strong><\/h2>\n<p>El comercio y las inversiones en criptomonedas implican riesgos significativos, incluida la posible p\u00e9rdida de toda su inversi\u00f3n. Es posible que estas actividades no sean adecuadas para todo el mundo, por lo que es fundamental evaluar minuciosamente su tolerancia al riesgo, su situaci\u00f3n financiera y su experiencia antes de realizar cualquier operaci\u00f3n o inversi\u00f3n.<\/p>\n<p>El apalancamiento y las operaciones con margen amplifican tanto las ganancias como las p\u00e9rdidas potenciales, lo que aumenta el riesgo de p\u00e9rdidas financieras m\u00e1s all\u00e1 de su dep\u00f3sito inicial. Al utilizar nuestro sitio, usted reconoce que estos riesgos existen y acepta toda la responsabilidad por sus acciones.<\/p>\n<h2 class=\"mt-16\"><strong>Sin asesoramiento financiero<\/strong><\/h2>\n<p>La informaci\u00f3n proporcionada en <strong>wp.becoin.net<\/strong> tiene fines meramente informativos y educativos. No debe interpretarse como asesoramiento financiero, de inversi\u00f3n o comercial. No hacemos recomendaciones ni respaldamos ninguna criptomoneda, plataforma o estrategia espec\u00edfica. Los usuarios son los \u00fanicos responsables de sus decisiones y de cualquier resultado derivado del uso de nuestro contenido.<\/p>\n<h2 class=\"mt-16\"><strong>Exactitud de la informaci\u00f3n<\/strong><\/h2>\n<p>Aunque nos esforzamos por mantener la informaci\u00f3n de <strong>wp.becoin.net<\/strong> precisa y actualizada, no podemos garantizar su integridad o exactitud. Los mercados y las regulaciones est\u00e1n sujetos a cambios, y es posible que el contenido de nuestro sitio web no refleje los \u00faltimos acontecimientos. Recomendamos a los usuarios que verifiquen de forma independiente toda la informaci\u00f3n antes de tomar decisiones financieras.<\/p>\n<h2 class=\"mt-16\"><strong>Divulgaci\u00f3n de afiliados<\/strong><\/h2>\n<p>Para respaldar los recursos gratuitos disponibles en nuestro sitio, <strong>wp.becoin.net<\/strong> puede participar en programas de afiliados y recibir compensaciones por referencias a trav\u00e9s de enlaces a determinados corredores, plataformas o servicios. Esta relaci\u00f3n no influye en la objetividad de nuestro contenido, pero recomendamos que realice su propia diligencia debida antes de proceder con cualquier referencia.<\/p>\n<h2 class=\"mt-16\"><strong>Responsabilidad del usuario<\/strong><\/h2>\n<p>Al utilizar este sitio web, usted acepta:<\/p>\n<ul class=\"wp-block-list\">\n<li>Asuma toda la responsabilidad por cualquier p\u00e9rdida financiera o decisi\u00f3n tomada en base a la informaci\u00f3n proporcionada.<\/li>\n<li>Reconozca que el comercio de criptomonedas implica un riesgo y una incertidumbre significativos.<\/li>\n<li>No responsabilices a <strong>wp.becoin.net<\/strong> por ning\u00fan da\u00f1o, p\u00e9rdida o consecuencia que surja del uso que hagas del sitio.<\/li>\n<\/ul>\n<h2 class=\"mt-16\"><strong>Comentarios y rese\u00f1as<\/strong><\/h2>\n<p>Los comentarios y rese\u00f1as de los usuarios que aparecen en <strong>wp.becoin.net<\/strong> reflejan las opiniones de sus autores y no se verifica su veracidad. La administraci\u00f3n del sitio no se hace responsable del contenido de las rese\u00f1as o comentarios generados por los usuarios. Los comentarios ofensivos, discriminatorios o inapropiados pueden ser eliminados a nuestra discreci\u00f3n.<\/p>\n<h2 class=\"mt-16\"><strong>Sin garant\u00edas<\/strong><\/h2>\n<p>El contenido y los servicios proporcionados en <strong>wp.becoin.net<\/strong> se ofrecen \u00abtal cual\u00bb, sin garant\u00edas expresas o impl\u00edcitas, incluidas las garant\u00edas de comerciabilidad, idoneidad para un fin determinado o ausencia de infracci\u00f3n.<\/p>\n<h2 class=\"mt-16\"><strong>Restricciones jurisdiccionales<\/strong><\/h2>\n<p>La informaci\u00f3n proporcionada en este sitio web no est\u00e1 destinada a su distribuci\u00f3n o uso en jurisdicciones donde tales actividades infringir\u00edan las leyes o normativas locales. Es responsabilidad del usuario garantizar el cumplimiento de las leyes aplicables en su regi\u00f3n.<\/p>\n<p>Al utilizar <strong>wp.becoin.net<\/strong>, usted acepta este Aviso legal y reconoce los riesgos inherentes asociados al comercio y las inversiones en criptomonedas. Si no est\u00e1 de acuerdo con estos t\u00e9rminos, le recomendamos que se abstenga de utilizar nuestro sitio web y nuestros recursos.<\/p>\n<p>Si tiene alguna pregunta o inquietud, por favor <a href=\"https:\/\/wp.becoin.net\/es\/contact\">Cont\u00e1ctenos<\/a>.<\/p>\n","protected":false},"excerpt":{"rendered":"<p>\u00a1Bienvenido a wp.becoin.net! Nuestro sitio web es un recurso independiente que ofrece informaci\u00f3n sobre el comercio de criptomonedas, plataformas de inversi\u00f3n, corredores y herramientas relacionadas. Nos esforzamos por ofrecer informaci\u00f3n precisa y actualizada, pero instamos a todos los usuarios a evaluar cuidadosamente los riesgos asociados con las actividades financieras. Concienciaci\u00f3n sobre los riesgos El comercio [&hellip;]<\/p>\n","protected":false},"author":1,"featured_media":0,"parent":0,"menu_order":0,"comment_status":"closed","ping_status":"closed","template":"","meta":{"_acf_changed":false,"footnotes":""},"class_list":["post-2750","page","type-page","status-publish","hentry"],"acf":[],"yoast_head":"<!-- This site is optimized with the Yoast SEO plugin v26.9 - https:\/\/yoast.com\/product\/yoast-seo-wordpress\/ -->\n<title>Descargo de responsabilidad: limitaciones de responsabilidad y uso de la informaci\u00f3n<\/title>\n<meta name=\"description\" content=\"Lea nuestro aviso legal para comprender las limitaciones de responsabilidad y la naturaleza informativa de nuestras previsiones y herramientas sobre criptomonedas.\" \/>\n<meta name=\"robots\" content=\"index, follow, max-snippet:-1, max-image-preview:large, max-video-preview:-1\" \/>\n<link rel=\"canonical\" href=\"https:\/\/wp.becoin.net\/es\/disclaimer\" \/>\n<meta property=\"og:locale\" content=\"es_ES\" \/>\n<meta property=\"og:type\" content=\"article\" \/>\n<meta property=\"og:title\" content=\"Descargo de responsabilidad: limitaciones de responsabilidad y uso de la informaci\u00f3n\" \/>\n<meta property=\"og:description\" content=\"Lea nuestro aviso legal para comprender las limitaciones de responsabilidad y la naturaleza informativa de nuestras previsiones y herramientas sobre criptomonedas.\" \/>\n<meta property=\"og:url\" content=\"https:\/\/wp.becoin.net\/es\/disclaimer\" \/>\n<meta property=\"og:site_name\" content=\"Becoin.net\" \/>\n<meta property=\"article:modified_time\" content=\"2025-11-21T15:45:32+00:00\" \/>\n<meta name=\"twitter:card\" content=\"summary_large_image\" \/>\n<meta name=\"twitter:label1\" content=\"Tiempo de lectura\" \/>\n\t<meta name=\"twitter:data1\" content=\"3 minutos\" \/>\n<script type=\"application\/ld+json\" class=\"yoast-schema-graph\">{\"@context\":\"https:\/\/schema.org\",\"@graph\":[{\"@type\":\"WebPage\",\"@id\":\"https:\/\/wp.becoin.net\/es\/disclaimer\",\"url\":\"https:\/\/wp.becoin.net\/es\/disclaimer\",\"name\":\"Descargo de responsabilidad: limitaciones de responsabilidad y uso de la informaci\u00f3n\",\"isPartOf\":{\"@id\":\"https:\/\/wp.becoin.net\/#website\"},\"datePublished\":\"2024-10-28T09:39:01+00:00\",\"dateModified\":\"2025-11-21T15:45:32+00:00\",\"description\":\"Lea nuestro aviso legal para comprender las limitaciones de responsabilidad y la naturaleza informativa de nuestras previsiones y herramientas sobre criptomonedas.\",\"breadcrumb\":{\"@id\":\"https:\/\/wp.becoin.net\/es\/disclaimer#breadcrumb\"},\"inLanguage\":\"es\",\"potentialAction\":[{\"@type\":\"ReadAction\",\"target\":[\"https:\/\/wp.becoin.net\/es\/disclaimer\"]}]},{\"@type\":\"BreadcrumbList\",\"@id\":\"https:\/\/wp.becoin.net\/es\/disclaimer#breadcrumb\",\"itemListElement\":[{\"@type\":\"ListItem\",\"position\":1,\"name\":\"Home\",\"item\":\"https:\/\/wp.becoin.net\/\"},{\"@type\":\"ListItem\",\"position\":2,\"name\":\"Descargo de responsabilidad\"}]},{\"@type\":\"WebSite\",\"@id\":\"https:\/\/wp.becoin.net\/#website\",\"url\":\"https:\/\/wp.becoin.net\/\",\"name\":\"Becoin.net\",\"description\":\"\",\"potentialAction\":[{\"@type\":\"SearchAction\",\"target\":{\"@type\":\"EntryPoint\",\"urlTemplate\":\"https:\/\/wp.becoin.net\/?s={search_term_string}\"},\"query-input\":{\"@type\":\"PropertyValueSpecification\",\"valueRequired\":true,\"valueName\":\"search_term_string\"}}],\"inLanguage\":\"es\"}]}<\/script>\n<!-- \/ Yoast SEO plugin. -->","yoast_head_json":{"title":"Descargo de responsabilidad: limitaciones de responsabilidad y uso de la informaci\u00f3n","description":"Lea nuestro aviso legal para comprender las limitaciones de responsabilidad y la naturaleza informativa de nuestras previsiones y herramientas sobre criptomonedas.","robots":{"index":"index","follow":"follow","max-snippet":"max-snippet:-1","max-image-preview":"max-image-preview:large","max-video-preview":"max-video-preview:-1"},"canonical":"https:\/\/wp.becoin.net\/es\/disclaimer","og_locale":"es_ES","og_type":"article","og_title":"Descargo de responsabilidad: limitaciones de responsabilidad y uso de la informaci\u00f3n","og_description":"Lea nuestro aviso legal para comprender las limitaciones de responsabilidad y la naturaleza informativa de nuestras previsiones y herramientas sobre criptomonedas.","og_url":"https:\/\/wp.becoin.net\/es\/disclaimer","og_site_name":"Becoin.net","article_modified_time":"2025-11-21T15:45:32+00:00","twitter_card":"summary_large_image","twitter_misc":{"Tiempo de lectura":"3 minutos"},"schema":{"@context":"https:\/\/schema.org","@graph":[{"@type":"WebPage","@id":"https:\/\/wp.becoin.net\/es\/disclaimer","url":"https:\/\/wp.becoin.net\/es\/disclaimer","name":"Descargo de responsabilidad: limitaciones de responsabilidad y uso de la informaci\u00f3n","isPartOf":{"@id":"https:\/\/wp.becoin.net\/#website"},"datePublished":"2024-10-28T09:39:01+00:00","dateModified":"2025-11-21T15:45:32+00:00","description":"Lea nuestro aviso legal para comprender las limitaciones de responsabilidad y la naturaleza informativa de nuestras previsiones y herramientas sobre criptomonedas.","breadcrumb":{"@id":"https:\/\/wp.becoin.net\/es\/disclaimer#breadcrumb"},"inLanguage":"es","potentialAction":[{"@type":"ReadAction","target":["https:\/\/wp.becoin.net\/es\/disclaimer"]}]},{"@type":"BreadcrumbList","@id":"https:\/\/wp.becoin.net\/es\/disclaimer#breadcrumb","itemListElement":[{"@type":"ListItem","position":1,"name":"Home","item":"https:\/\/wp.becoin.net\/"},{"@type":"ListItem","position":2,"name":"Descargo de responsabilidad"}]},{"@type":"WebSite","@id":"https:\/\/wp.becoin.net\/#website","url":"https:\/\/wp.becoin.net\/","name":"Becoin.net","description":"","potentialAction":[{"@type":"SearchAction","target":{"@type":"EntryPoint","urlTemplate":"https:\/\/wp.becoin.net\/?s={search_term_string}"},"query-input":{"@type":"PropertyValueSpecification","valueRequired":true,"valueName":"search_term_string"}}],"inLanguage":"es"}]}},"_links":{"self":[{"href":"https:\/\/wp.becoin.net\/es\/wp-json\/wp\/v2\/pages\/2750","targetHints":{"allow":["GET"]}}],"collection":[{"href":"https:\/\/wp.becoin.net\/es\/wp-json\/wp\/v2\/pages"}],"about":[{"href":"https:\/\/wp.becoin.net\/es\/wp-json\/wp\/v2\/types\/page"}],"author":[{"embeddable":true,"href":"https:\/\/wp.becoin.net\/es\/wp-json\/wp\/v2\/users\/1"}],"replies":[{"embeddable":true,"href":"https:\/\/wp.becoin.net\/es\/wp-json\/wp\/v2\/comments?post=2750"}],"version-history":[{"count":3,"href":"https:\/\/wp.becoin.net\/es\/wp-json\/wp\/v2\/pages\/2750\/revisions"}],"predecessor-version":[{"id":2753,"href":"https:\/\/wp.becoin.net\/es\/wp-json\/wp\/v2\/pages\/2750\/revisions\/2753"}],"wp:attachment":[{"href":"https:\/\/wp.becoin.net\/es\/wp-json\/wp\/v2\/media?parent=2750"}],"curies":[{"name":"wp","href":"https:\/\/api.w.org\/{rel}","templated":true}]}}