{"id":2741,"date":"2024-10-28T09:36:48","date_gmt":"2024-10-28T09:36:48","guid":{"rendered":"https:\/\/wp.becoin.net\/cookie-policy"},"modified":"2025-11-21T14:51:51","modified_gmt":"2025-11-21T14:51:51","slug":"cookie-policy","status":"publish","type":"page","link":"https:\/\/wp.becoin.net\/es\/cookie-policy","title":{"rendered":"Pol\u00edtica de Cookies"},"content":{"rendered":"<p>La presente Pol\u00edtica de Cookies explica c\u00f3mo wp.becoin.net (\u00abnosotros\u00bb, \u00abnos\u00bb o \u00abnuestro\u00bb) utiliza cookies y tecnolog\u00edas de seguimiento similares cuando usted visita nuestro sitio web. Al continuar utilizando nuestro sitio web, usted acepta el uso de cookies tal y como se describe en esta pol\u00edtica.<\/p>\n<h2 class=\"mt-16\"><strong>\u00bfQu\u00e9 son las cookies?<\/strong><\/h2>\n<p>Las cookies son peque\u00f1os archivos de texto que un sitio web coloca en su dispositivo (ordenador, tableta o m\u00f3vil). Ayudan al sitio web a recordar sus preferencias, mejorar la funcionalidad y analizar el comportamiento de los usuarios.<\/p>\n<h2 class=\"mt-16\"><strong>\u00bfPor qu\u00e9 utilizamos cookies?<\/strong><\/h2>\n<p>Utilizamos cookies para varios fines, entre ellos:<\/p>\n<p>1. Funciones esenciales: Garantizar la funcionalidad b\u00e1sica del sitio web.<\/p>\n<p>2. Rendimiento y an\u00e1lisis: para comprender la interacci\u00f3n de los usuarios con el sitio web y mejorar su rendimiento.<\/p>\n<p>3. Personalizaci\u00f3n: Para adaptar las funciones del sitio web seg\u00fan tus preferencias.<\/p>\n<p>4. Marketing: Para proporcionar contenido y anuncios personalizados.<\/p>\n<h2 class=\"mt-16\"><strong>Tipos de cookies que utilizamos<\/strong><\/h2>\n<p>1. Cookies esenciales<\/p>\n<p>\u2013 Estas cookies son necesarias para que el sitio web funcione correctamente.<\/p>\n<p>2. Cookies anal\u00edticas<\/p>\n<p>\u2013 Estas cookies recopilan datos para ayudarnos a analizar el uso del sitio web y mejorar la experiencia del usuario.<\/p>\n<p>3. Cookies de funcionalidad<\/p>\n<p>\u2013 Estas cookies almacenan las preferencias del usuario para mejorar la usabilidad.<\/p>\n<p>4. Cookies publicitarias<\/p>\n<p>\u2013 Estas cookies se utilizan para mostrar anuncios relevantes para los intereses del usuario.<\/p>\n<h2 class=\"mt-16\"><strong>Cookies de terceros<\/strong><\/h2>\n<p>Podemos permitir que servicios de terceros utilicen cookies en nuestro sitio web con fines anal\u00edticos, publicitarios y de supervisi\u00f3n del rendimiento. Estos servicios gestionan sus cookies de acuerdo con sus propias pol\u00edticas.<\/p>\n<h2 class=\"mt-16\"><strong>C\u00f3mo gestionar tus cookies<\/strong><\/h2>\n<p>Puede controlar o eliminar las cookies a trav\u00e9s de la configuraci\u00f3n de su navegador. El bloqueo de las cookies puede afectar a su capacidad para utilizar plenamente algunas funciones del sitio web.<\/p>\n<p>Visite la secci\u00f3n de ayuda de su navegador para obtener instrucciones detalladas sobre c\u00f3mo gestionar las cookies.<\/p>\n<h2 class=\"mt-16\"><strong>Cambios en esta pol\u00edtica<\/strong><\/h2>\n<p>Podemos actualizar esta Pol\u00edtica de cookies peri\u00f3dicamente para reflejar cambios en la tecnolog\u00eda o los requisitos legales. La pol\u00edtica revisada estar\u00e1 disponible en esta p\u00e1gina con una \u00abFecha de entrada en vigor\u00bb actualizada.<\/p>\n<h2 class=\"mt-16\"><strong>Cont\u00e1ctenos<\/strong><\/h2>\n<p>Si tiene alguna pregunta sobre el uso que hacemos de las cookies, p\u00f3ngase en <a href=\"https:\/\/wp.becoin.net\/es\/contact\">Contacto<\/a>.<\/p>\n","protected":false},"excerpt":{"rendered":"<p>La presente Pol\u00edtica de Cookies explica c\u00f3mo wp.becoin.net (\u00abnosotros\u00bb, \u00abnos\u00bb o \u00abnuestro\u00bb) utiliza cookies y tecnolog\u00edas de seguimiento similares cuando usted visita nuestro sitio web. Al continuar utilizando nuestro sitio web, usted acepta el uso de cookies tal y como se describe en esta pol\u00edtica. \u00bfQu\u00e9 son las cookies? Las cookies son peque\u00f1os archivos de [&hellip;]<\/p>\n","protected":false},"author":1,"featured_media":0,"parent":0,"menu_order":0,"comment_status":"closed","ping_status":"closed","template":"","meta":{"_acf_changed":false,"footnotes":""},"class_list":["post-2741","page","type-page","status-publish","hentry"],"acf":[],"yoast_head":"<!-- This site is optimized with the Yoast SEO plugin v26.9 - https:\/\/yoast.com\/product\/yoast-seo-wordpress\/ -->\n<title>Pol\u00edtica de Cookies: c\u00f3mo utilizamos las cookies en nuestro sitio web<\/title>\n<meta name=\"description\" content=\"Conozca c\u00f3mo utilizamos las cookies para mejorar la experiencia del usuario y ofrecer servicios personalizados. Comprenda c\u00f3mo recopilamos, almacenamos y utilizamos los datos de las cookies.\" \/>\n<meta name=\"robots\" content=\"index, follow, max-snippet:-1, max-image-preview:large, max-video-preview:-1\" \/>\n<link rel=\"canonical\" href=\"https:\/\/wp.becoin.net\/es\/cookie-policy\" \/>\n<meta property=\"og:locale\" content=\"es_ES\" \/>\n<meta property=\"og:type\" content=\"article\" \/>\n<meta property=\"og:title\" content=\"Pol\u00edtica de Cookies: c\u00f3mo utilizamos las cookies en nuestro sitio web\" \/>\n<meta property=\"og:description\" content=\"Conozca c\u00f3mo utilizamos las cookies para mejorar la experiencia del usuario y ofrecer servicios personalizados. Comprenda c\u00f3mo recopilamos, almacenamos y utilizamos los datos de las cookies.\" \/>\n<meta property=\"og:url\" content=\"https:\/\/wp.becoin.net\/es\/cookie-policy\" \/>\n<meta property=\"og:site_name\" content=\"Becoin.net\" \/>\n<meta property=\"article:modified_time\" content=\"2025-11-21T14:51:51+00:00\" \/>\n<meta name=\"twitter:card\" content=\"summary_large_image\" \/>\n<meta name=\"twitter:label1\" content=\"Tiempo de lectura\" \/>\n\t<meta name=\"twitter:data1\" content=\"2 minutos\" \/>\n<script type=\"application\/ld+json\" class=\"yoast-schema-graph\">{\"@context\":\"https:\/\/schema.org\",\"@graph\":[{\"@type\":\"WebPage\",\"@id\":\"https:\/\/wp.becoin.net\/es\/cookie-policy\",\"url\":\"https:\/\/wp.becoin.net\/es\/cookie-policy\",\"name\":\"Pol\u00edtica de Cookies: c\u00f3mo utilizamos las cookies en nuestro sitio web\",\"isPartOf\":{\"@id\":\"https:\/\/wp.becoin.net\/#website\"},\"datePublished\":\"2024-10-28T09:36:48+00:00\",\"dateModified\":\"2025-11-21T14:51:51+00:00\",\"description\":\"Conozca c\u00f3mo utilizamos las cookies para mejorar la experiencia del usuario y ofrecer servicios personalizados. Comprenda c\u00f3mo recopilamos, almacenamos y utilizamos los datos de las cookies.\",\"breadcrumb\":{\"@id\":\"https:\/\/wp.becoin.net\/es\/cookie-policy#breadcrumb\"},\"inLanguage\":\"es\",\"potentialAction\":[{\"@type\":\"ReadAction\",\"target\":[\"https:\/\/wp.becoin.net\/es\/cookie-policy\"]}]},{\"@type\":\"BreadcrumbList\",\"@id\":\"https:\/\/wp.becoin.net\/es\/cookie-policy#breadcrumb\",\"itemListElement\":[{\"@type\":\"ListItem\",\"position\":1,\"name\":\"Home\",\"item\":\"https:\/\/wp.becoin.net\/\"},{\"@type\":\"ListItem\",\"position\":2,\"name\":\"Pol\u00edtica de Cookies\"}]},{\"@type\":\"WebSite\",\"@id\":\"https:\/\/wp.becoin.net\/#website\",\"url\":\"https:\/\/wp.becoin.net\/\",\"name\":\"Becoin.net\",\"description\":\"\",\"potentialAction\":[{\"@type\":\"SearchAction\",\"target\":{\"@type\":\"EntryPoint\",\"urlTemplate\":\"https:\/\/wp.becoin.net\/?s={search_term_string}\"},\"query-input\":{\"@type\":\"PropertyValueSpecification\",\"valueRequired\":true,\"valueName\":\"search_term_string\"}}],\"inLanguage\":\"es\"}]}<\/script>\n<!-- \/ Yoast SEO plugin. -->","yoast_head_json":{"title":"Pol\u00edtica de Cookies: c\u00f3mo utilizamos las cookies en nuestro sitio web","description":"Conozca c\u00f3mo utilizamos las cookies para mejorar la experiencia del usuario y ofrecer servicios personalizados. Comprenda c\u00f3mo recopilamos, almacenamos y utilizamos los datos de las cookies.","robots":{"index":"index","follow":"follow","max-snippet":"max-snippet:-1","max-image-preview":"max-image-preview:large","max-video-preview":"max-video-preview:-1"},"canonical":"https:\/\/wp.becoin.net\/es\/cookie-policy","og_locale":"es_ES","og_type":"article","og_title":"Pol\u00edtica de Cookies: c\u00f3mo utilizamos las cookies en nuestro sitio web","og_description":"Conozca c\u00f3mo utilizamos las cookies para mejorar la experiencia del usuario y ofrecer servicios personalizados. Comprenda c\u00f3mo recopilamos, almacenamos y utilizamos los datos de las cookies.","og_url":"https:\/\/wp.becoin.net\/es\/cookie-policy","og_site_name":"Becoin.net","article_modified_time":"2025-11-21T14:51:51+00:00","twitter_card":"summary_large_image","twitter_misc":{"Tiempo de lectura":"2 minutos"},"schema":{"@context":"https:\/\/schema.org","@graph":[{"@type":"WebPage","@id":"https:\/\/wp.becoin.net\/es\/cookie-policy","url":"https:\/\/wp.becoin.net\/es\/cookie-policy","name":"Pol\u00edtica de Cookies: c\u00f3mo utilizamos las cookies en nuestro sitio web","isPartOf":{"@id":"https:\/\/wp.becoin.net\/#website"},"datePublished":"2024-10-28T09:36:48+00:00","dateModified":"2025-11-21T14:51:51+00:00","description":"Conozca c\u00f3mo utilizamos las cookies para mejorar la experiencia del usuario y ofrecer servicios personalizados. Comprenda c\u00f3mo recopilamos, almacenamos y utilizamos los datos de las cookies.","breadcrumb":{"@id":"https:\/\/wp.becoin.net\/es\/cookie-policy#breadcrumb"},"inLanguage":"es","potentialAction":[{"@type":"ReadAction","target":["https:\/\/wp.becoin.net\/es\/cookie-policy"]}]},{"@type":"BreadcrumbList","@id":"https:\/\/wp.becoin.net\/es\/cookie-policy#breadcrumb","itemListElement":[{"@type":"ListItem","position":1,"name":"Home","item":"https:\/\/wp.becoin.net\/"},{"@type":"ListItem","position":2,"name":"Pol\u00edtica de Cookies"}]},{"@type":"WebSite","@id":"https:\/\/wp.becoin.net\/#website","url":"https:\/\/wp.becoin.net\/","name":"Becoin.net","description":"","potentialAction":[{"@type":"SearchAction","target":{"@type":"EntryPoint","urlTemplate":"https:\/\/wp.becoin.net\/?s={search_term_string}"},"query-input":{"@type":"PropertyValueSpecification","valueRequired":true,"valueName":"search_term_string"}}],"inLanguage":"es"}]}},"_links":{"self":[{"href":"https:\/\/wp.becoin.net\/es\/wp-json\/wp\/v2\/pages\/2741","targetHints":{"allow":["GET"]}}],"collection":[{"href":"https:\/\/wp.becoin.net\/es\/wp-json\/wp\/v2\/pages"}],"about":[{"href":"https:\/\/wp.becoin.net\/es\/wp-json\/wp\/v2\/types\/page"}],"author":[{"embeddable":true,"href":"https:\/\/wp.becoin.net\/es\/wp-json\/wp\/v2\/users\/1"}],"replies":[{"embeddable":true,"href":"https:\/\/wp.becoin.net\/es\/wp-json\/wp\/v2\/comments?post=2741"}],"version-history":[{"count":4,"href":"https:\/\/wp.becoin.net\/es\/wp-json\/wp\/v2\/pages\/2741\/revisions"}],"predecessor-version":[{"id":2746,"href":"https:\/\/wp.becoin.net\/es\/wp-json\/wp\/v2\/pages\/2741\/revisions\/2746"}],"wp:attachment":[{"href":"https:\/\/wp.becoin.net\/es\/wp-json\/wp\/v2\/media?parent=2741"}],"curies":[{"name":"wp","href":"https:\/\/api.w.org\/{rel}","templated":true}]}}