{"id":2735,"date":"2024-10-25T08:48:35","date_gmt":"2024-10-25T08:48:35","guid":{"rendered":"https:\/\/wp.becoin.net\/contact"},"modified":"2025-11-21T13:53:45","modified_gmt":"2025-11-21T13:53:45","slug":"contact","status":"publish","type":"page","link":"https:\/\/wp.becoin.net\/es\/contact","title":{"rendered":"Ponte en contacto"},"content":{"rendered":"<p>Adel\u00e1ntese con informaci\u00f3n comercial basada en datos.<\/p>\n<p>En Becoin.net, proporcionamos previsiones precisas sobre criptomonedas para ayudarle a tomar decisiones de trading informadas.<\/p>\n<p>Si tienes preguntas, necesitas ayuda o deseas explorar oportunidades de colaboraci\u00f3n, nuestro equipo est\u00e1 aqu\u00ed para ayudarte.<\/p>\n<p>\u00a1Esperamos poder ponernos en contacto con usted!<\/p>\n","protected":false},"excerpt":{"rendered":"<p>Adel\u00e1ntese con informaci\u00f3n comercial basada en datos. En Becoin.net, proporcionamos previsiones precisas sobre criptomonedas para ayudarle a tomar decisiones de trading informadas. Si tienes preguntas, necesitas ayuda o deseas explorar oportunidades de colaboraci\u00f3n, nuestro equipo est\u00e1 aqu\u00ed para ayudarte. \u00a1Esperamos poder ponernos en contacto con usted!<\/p>\n","protected":false},"author":1,"featured_media":0,"parent":0,"menu_order":0,"comment_status":"closed","ping_status":"closed","template":"contact.php","meta":{"_acf_changed":false,"footnotes":""},"class_list":["post-2735","page","type-page","status-publish","hentry"],"acf":[],"yoast_head":"<!-- This site is optimized with the Yoast SEO plugin v26.9 - https:\/\/yoast.com\/product\/yoast-seo-wordpress\/ -->\n<title>Cont\u00e1ctenos: solicite pron\u00f3sticos y asistencia sobre criptomonedas<\/title>\n<meta name=\"description\" content=\"\u00bfTienes alguna pregunta o necesitas ayuda? Ponte en contacto con nosotros para obtener asistencia y realizar consultas sobre nuestras previsiones sobre criptomonedas, servicios y mucho m\u00e1s.\" \/>\n<meta name=\"robots\" content=\"index, follow, max-snippet:-1, max-image-preview:large, max-video-preview:-1\" \/>\n<link rel=\"canonical\" href=\"https:\/\/wp.becoin.net\/es\/contact\" \/>\n<meta property=\"og:locale\" content=\"es_ES\" \/>\n<meta property=\"og:type\" content=\"article\" \/>\n<meta property=\"og:title\" content=\"Cont\u00e1ctenos: solicite pron\u00f3sticos y asistencia sobre criptomonedas\" \/>\n<meta property=\"og:description\" content=\"\u00bfTienes alguna pregunta o necesitas ayuda? Ponte en contacto con nosotros para obtener asistencia y realizar consultas sobre nuestras previsiones sobre criptomonedas, servicios y mucho m\u00e1s.\" \/>\n<meta property=\"og:url\" content=\"https:\/\/wp.becoin.net\/es\/contact\" \/>\n<meta property=\"og:site_name\" content=\"Becoin.net\" \/>\n<meta property=\"article:modified_time\" content=\"2025-11-21T13:53:45+00:00\" \/>\n<meta name=\"twitter:card\" content=\"summary_large_image\" \/>\n<meta name=\"twitter:label1\" content=\"Tiempo de lectura\" \/>\n\t<meta name=\"twitter:data1\" content=\"1 minuto\" \/>\n<script type=\"application\/ld+json\" class=\"yoast-schema-graph\">{\"@context\":\"https:\/\/schema.org\",\"@graph\":[{\"@type\":[\"WebPage\",\"ContactPage\"],\"@id\":\"https:\/\/wp.becoin.net\/es\/contact\",\"url\":\"https:\/\/wp.becoin.net\/es\/contact\",\"name\":\"Cont\u00e1ctenos: solicite pron\u00f3sticos y asistencia sobre criptomonedas\",\"isPartOf\":{\"@id\":\"https:\/\/wp.becoin.net\/#website\"},\"datePublished\":\"2024-10-25T08:48:35+00:00\",\"dateModified\":\"2025-11-21T13:53:45+00:00\",\"description\":\"\u00bfTienes alguna pregunta o necesitas ayuda? Ponte en contacto con nosotros para obtener asistencia y realizar consultas sobre nuestras previsiones sobre criptomonedas, servicios y mucho m\u00e1s.\",\"breadcrumb\":{\"@id\":\"https:\/\/wp.becoin.net\/es\/contact#breadcrumb\"},\"inLanguage\":\"es\",\"potentialAction\":[{\"@type\":\"ReadAction\",\"target\":[\"https:\/\/wp.becoin.net\/es\/contact\"]}]},{\"@type\":\"BreadcrumbList\",\"@id\":\"https:\/\/wp.becoin.net\/es\/contact#breadcrumb\",\"itemListElement\":[{\"@type\":\"ListItem\",\"position\":1,\"name\":\"Home\",\"item\":\"https:\/\/wp.becoin.net\/\"},{\"@type\":\"ListItem\",\"position\":2,\"name\":\"Ponte en contacto\"}]},{\"@type\":\"WebSite\",\"@id\":\"https:\/\/wp.becoin.net\/#website\",\"url\":\"https:\/\/wp.becoin.net\/\",\"name\":\"Becoin.net\",\"description\":\"\",\"potentialAction\":[{\"@type\":\"SearchAction\",\"target\":{\"@type\":\"EntryPoint\",\"urlTemplate\":\"https:\/\/wp.becoin.net\/?s={search_term_string}\"},\"query-input\":{\"@type\":\"PropertyValueSpecification\",\"valueRequired\":true,\"valueName\":\"search_term_string\"}}],\"inLanguage\":\"es\"}]}<\/script>\n<!-- \/ Yoast SEO plugin. -->","yoast_head_json":{"title":"Cont\u00e1ctenos: solicite pron\u00f3sticos y asistencia sobre criptomonedas","description":"\u00bfTienes alguna pregunta o necesitas ayuda? Ponte en contacto con nosotros para obtener asistencia y realizar consultas sobre nuestras previsiones sobre criptomonedas, servicios y mucho m\u00e1s.","robots":{"index":"index","follow":"follow","max-snippet":"max-snippet:-1","max-image-preview":"max-image-preview:large","max-video-preview":"max-video-preview:-1"},"canonical":"https:\/\/wp.becoin.net\/es\/contact","og_locale":"es_ES","og_type":"article","og_title":"Cont\u00e1ctenos: solicite pron\u00f3sticos y asistencia sobre criptomonedas","og_description":"\u00bfTienes alguna pregunta o necesitas ayuda? Ponte en contacto con nosotros para obtener asistencia y realizar consultas sobre nuestras previsiones sobre criptomonedas, servicios y mucho m\u00e1s.","og_url":"https:\/\/wp.becoin.net\/es\/contact","og_site_name":"Becoin.net","article_modified_time":"2025-11-21T13:53:45+00:00","twitter_card":"summary_large_image","twitter_misc":{"Tiempo de lectura":"1 minuto"},"schema":{"@context":"https:\/\/schema.org","@graph":[{"@type":["WebPage","ContactPage"],"@id":"https:\/\/wp.becoin.net\/es\/contact","url":"https:\/\/wp.becoin.net\/es\/contact","name":"Cont\u00e1ctenos: solicite pron\u00f3sticos y asistencia sobre criptomonedas","isPartOf":{"@id":"https:\/\/wp.becoin.net\/#website"},"datePublished":"2024-10-25T08:48:35+00:00","dateModified":"2025-11-21T13:53:45+00:00","description":"\u00bfTienes alguna pregunta o necesitas ayuda? Ponte en contacto con nosotros para obtener asistencia y realizar consultas sobre nuestras previsiones sobre criptomonedas, servicios y mucho m\u00e1s.","breadcrumb":{"@id":"https:\/\/wp.becoin.net\/es\/contact#breadcrumb"},"inLanguage":"es","potentialAction":[{"@type":"ReadAction","target":["https:\/\/wp.becoin.net\/es\/contact"]}]},{"@type":"BreadcrumbList","@id":"https:\/\/wp.becoin.net\/es\/contact#breadcrumb","itemListElement":[{"@type":"ListItem","position":1,"name":"Home","item":"https:\/\/wp.becoin.net\/"},{"@type":"ListItem","position":2,"name":"Ponte en contacto"}]},{"@type":"WebSite","@id":"https:\/\/wp.becoin.net\/#website","url":"https:\/\/wp.becoin.net\/","name":"Becoin.net","description":"","potentialAction":[{"@type":"SearchAction","target":{"@type":"EntryPoint","urlTemplate":"https:\/\/wp.becoin.net\/?s={search_term_string}"},"query-input":{"@type":"PropertyValueSpecification","valueRequired":true,"valueName":"search_term_string"}}],"inLanguage":"es"}]}},"_links":{"self":[{"href":"https:\/\/wp.becoin.net\/es\/wp-json\/wp\/v2\/pages\/2735","targetHints":{"allow":["GET"]}}],"collection":[{"href":"https:\/\/wp.becoin.net\/es\/wp-json\/wp\/v2\/pages"}],"about":[{"href":"https:\/\/wp.becoin.net\/es\/wp-json\/wp\/v2\/types\/page"}],"author":[{"embeddable":true,"href":"https:\/\/wp.becoin.net\/es\/wp-json\/wp\/v2\/users\/1"}],"replies":[{"embeddable":true,"href":"https:\/\/wp.becoin.net\/es\/wp-json\/wp\/v2\/comments?post=2735"}],"version-history":[{"count":3,"href":"https:\/\/wp.becoin.net\/es\/wp-json\/wp\/v2\/pages\/2735\/revisions"}],"predecessor-version":[{"id":2739,"href":"https:\/\/wp.becoin.net\/es\/wp-json\/wp\/v2\/pages\/2735\/revisions\/2739"}],"wp:attachment":[{"href":"https:\/\/wp.becoin.net\/es\/wp-json\/wp\/v2\/media?parent=2735"}],"curies":[{"name":"wp","href":"https:\/\/api.w.org\/{rel}","templated":true}]}}